{"id":33,"date":"2024-11-25T15:49:58","date_gmt":"2024-11-25T18:49:58","guid":{"rendered":"https:\/\/santamarcelina.org\/UTPV_V3\/?page_id=33"},"modified":"2024-11-26T12:17:39","modified_gmt":"2024-11-26T15:17:39","slug":"sobre","status":"publish","type":"page","link":"https:\/\/santamarcelina.org\/UTPV_V3\/sobre\/","title":{"rendered":"Sobre"},"content":{"rendered":"\t\t<div data-elementor-type=\"wp-page\" data-elementor-id=\"33\" class=\"elementor elementor-33\">\n\t\t\t\t<div class=\"elementor-element elementor-element-f58cbf5 e-con-full e-flex e-con e-parent\" data-id=\"f58cbf5\" data-element_type=\"container\" data-settings=\"{&quot;background_background&quot;:&quot;classic&quot;}\">\n\t\t\t\t<\/div>\n\t\t<div class=\"elementor-element elementor-element-18b91ec e-flex e-con-boxed e-con e-parent\" data-id=\"18b91ec\" data-element_type=\"container\">\n\t\t\t\t\t<div class=\"e-con-inner\">\n\t\t\t\t<div class=\"elementor-element elementor-element-dce358f elementor-widget elementor-widget-heading\" data-id=\"dce358f\" data-element_type=\"widget\" data-widget_type=\"heading.default\">\n\t\t\t\t<div class=\"elementor-widget-container\">\n\t\t\t<h3 class=\"elementor-heading-title elementor-size-default\">Sobre o programa<\/h3>\t\t<\/div>\n\t\t\t\t<\/div>\n\t\t\t\t<div class=\"elementor-element elementor-element-0c94019 elementor-widget elementor-widget-text-editor\" data-id=\"0c94019\" data-element_type=\"widget\" data-widget_type=\"text-editor.default\">\n\t\t\t\t<div class=\"elementor-widget-container\">\n\t\t\t\t\t\t\t\u201cUm Time Pela Vida\u201d \u00e9 uma resposta direta \u00e0s lacunas e desafios enfrentados pelo nosso sistema de sa\u00fade. Em meio \u00e0s limita\u00e7\u00f5es or\u00e7ament\u00e1rias e estruturais, e a crescente demanda por servi\u00e7os m\u00e9dicos, o programa atua como um catalisador para mudan\u00e7as positivas, alavancando recursos, para mobilizar a sociedade e promover parcerias estrat\u00e9gicas para enfrentar os desafios complexos da sa\u00fade no Brasil. Uma iniciativa que transcende a concep\u00e7\u00e3o tradicional de impacto social. Nossa proposta \u00e9 unir for\u00e7as para transformar vidas e influenciar positivamente o cen\u00e1rio da sa\u00fade em nosso pa\u00eds.\t\t\t\t\t\t<\/div>\n\t\t\t\t<\/div>\n\t\t\t\t<div class=\"elementor-element elementor-element-c879725 elementor-widget elementor-widget-heading\" data-id=\"c879725\" data-element_type=\"widget\" data-widget_type=\"heading.default\">\n\t\t\t\t<div class=\"elementor-widget-container\">\n\t\t\t<h3 class=\"elementor-heading-title elementor-size-default\">Nossa Miss\u00e3o:<\/h3>\t\t<\/div>\n\t\t\t\t<\/div>\n\t\t\t\t<div class=\"elementor-element elementor-element-e5dbbd4 elementor-widget elementor-widget-text-editor\" data-id=\"e5dbbd4\" data-element_type=\"widget\" data-widget_type=\"text-editor.default\">\n\t\t\t\t<div class=\"elementor-widget-container\">\n\t\t\t\t\t\t\t<p>Nosso objetivo \u00e9 transformar a sa\u00fade e canalizar recursos de forma eficaz, para preencher as lacunas onde s\u00e3o mais necess\u00e1rios. Como l\u00edderes, sabemos que as melhores iniciativas s\u00e3o aquelas que transcendem o ordin\u00e1rio. \u201cUm Time Pela Vida\u201d oferece a oportunidade de liderar uma onda de transforma\u00e7\u00e3o que se estende al\u00e9m do cuidado m\u00e9dico tradicional. Nos movemos para melhorar o sistema de sa\u00fade em todas as dimens\u00f5es.<\/p>\t\t\t\t\t\t<\/div>\n\t\t\t\t<\/div>\n\t\t\t\t<div class=\"elementor-element elementor-element-76ada2e elementor-widget elementor-widget-heading\" data-id=\"76ada2e\" data-element_type=\"widget\" data-widget_type=\"heading.default\">\n\t\t\t\t<div class=\"elementor-widget-container\">\n\t\t\t<h3 class=\"elementor-heading-title elementor-size-default\">Nosso Compromisso:<\/h3>\t\t<\/div>\n\t\t\t\t<\/div>\n\t\t\t\t\t<\/div>\n\t\t\t\t<\/div>\n\t\t<div class=\"elementor-element elementor-element-f37e804 e-flex e-con-boxed e-con e-parent\" data-id=\"f37e804\" data-element_type=\"container\">\n\t\t\t\t\t<div class=\"e-con-inner\">\n\t\t<div class=\"elementor-element elementor-element-bac5a56 e-con-full e-flex e-con e-child\" data-id=\"bac5a56\" data-element_type=\"container\">\n\t\t\t\t<div class=\"elementor-element elementor-element-dfa2b5b elementor-widget elementor-widget-text-editor\" data-id=\"dfa2b5b\" data-element_type=\"widget\" data-widget_type=\"text-editor.default\">\n\t\t\t\t<div class=\"elementor-widget-container\">\n\t\t\t\t\t\t\t<p>Fortalecimento da aten\u00e7\u00e3o \u200bprim\u00e1ria para descentralizar os \u200bservi\u00e7os e desafogar os hospitais.<\/p>\t\t\t\t\t\t<\/div>\n\t\t\t\t<\/div>\n\t\t\t\t<\/div>\n\t\t<div class=\"elementor-element elementor-element-0b4b3ec e-con-full e-flex e-con e-child\" data-id=\"0b4b3ec\" data-element_type=\"container\">\n\t\t\t\t<div class=\"elementor-element elementor-element-b69a9aa elementor-widget elementor-widget-image\" data-id=\"b69a9aa\" data-element_type=\"widget\" data-widget_type=\"image.default\">\n\t\t\t\t<div class=\"elementor-widget-container\">\n\t\t\t\t\t\t\t\t\t\t\t\t\t<img decoding=\"async\" width=\"150\" height=\"150\" src=\"https:\/\/santamarcelina.org\/UTPV_V3\/wp-content\/uploads\/2024\/11\/Prancheta-55.png\" class=\"attachment-thumbnail size-thumbnail wp-image-277\" alt=\"\" \/>\t\t\t\t\t\t\t\t\t\t\t\t\t<\/div>\n\t\t\t\t<\/div>\n\t\t\t\t<\/div>\n\t\t<div class=\"elementor-element elementor-element-4c25c60 e-con-full e-flex e-con e-child\" data-id=\"4c25c60\" data-element_type=\"container\">\n\t\t\t\t<div class=\"elementor-element elementor-element-ff10262 elementor-widget elementor-widget-image\" data-id=\"ff10262\" data-element_type=\"widget\" data-widget_type=\"image.default\">\n\t\t\t\t<div class=\"elementor-widget-container\">\n\t\t\t\t\t\t\t\t\t\t\t\t\t<img decoding=\"async\" width=\"150\" height=\"150\" src=\"https:\/\/santamarcelina.org\/UTPV_V3\/wp-content\/uploads\/2024\/11\/Prancheta-53.png\" class=\"attachment-thumbnail size-thumbnail wp-image-275\" alt=\"\" \/>\t\t\t\t\t\t\t\t\t\t\t\t\t<\/div>\n\t\t\t\t<\/div>\n\t\t\t\t<\/div>\n\t\t<div class=\"elementor-element elementor-element-9352750 e-con-full e-flex e-con e-child\" data-id=\"9352750\" data-element_type=\"container\">\n\t\t\t\t<div class=\"elementor-element elementor-element-d3e44b6 elementor-widget elementor-widget-text-editor\" data-id=\"d3e44b6\" data-element_type=\"widget\" data-widget_type=\"text-editor.default\">\n\t\t\t\t<div class=\"elementor-widget-container\">\n\t\t\t\t\t\t\t<p>Est\u00edmulo \u00e0 pesquisa e \u200binova\u00e7\u00e3o em sa\u00fade<\/p>\t\t\t\t\t\t<\/div>\n\t\t\t\t<\/div>\n\t\t\t\t<\/div>\n\t\t\t\t\t<\/div>\n\t\t\t\t<\/div>\n\t\t<div class=\"elementor-element elementor-element-521618f e-flex e-con-boxed e-con e-parent\" data-id=\"521618f\" data-element_type=\"container\">\n\t\t\t\t\t<div class=\"e-con-inner\">\n\t\t<div class=\"elementor-element elementor-element-cdf6154 e-con-full e-flex e-con e-child\" data-id=\"cdf6154\" data-element_type=\"container\">\n\t\t\t\t<div class=\"elementor-element elementor-element-3ca35da elementor-widget elementor-widget-text-editor\" data-id=\"3ca35da\" data-element_type=\"widget\" data-widget_type=\"text-editor.default\">\n\t\t\t\t<div class=\"elementor-widget-container\">\n\t\t\t\t\t\t\t<p>Implementa\u00e7\u00e3o de pr\u00e1ticas \u200beficazes de gest\u00e3o para otimizar \u200bprocessos administrativos.<\/p>\t\t\t\t\t\t<\/div>\n\t\t\t\t<\/div>\n\t\t\t\t<\/div>\n\t\t<div class=\"elementor-element elementor-element-e39cd8f e-con-full e-flex e-con e-child\" data-id=\"e39cd8f\" data-element_type=\"container\">\n\t\t\t\t<div class=\"elementor-element elementor-element-516061f elementor-widget elementor-widget-image\" data-id=\"516061f\" data-element_type=\"widget\" data-widget_type=\"image.default\">\n\t\t\t\t<div class=\"elementor-widget-container\">\n\t\t\t\t\t\t\t\t\t\t\t\t\t<img decoding=\"async\" width=\"150\" height=\"150\" src=\"https:\/\/santamarcelina.org\/UTPV_V3\/wp-content\/uploads\/2024\/11\/Prancheta-57.png\" class=\"attachment-thumbnail size-thumbnail wp-image-279\" alt=\"\" \/>\t\t\t\t\t\t\t\t\t\t\t\t\t<\/div>\n\t\t\t\t<\/div>\n\t\t\t\t<\/div>\n\t\t<div class=\"elementor-element elementor-element-a849d90 e-con-full e-flex e-con e-child\" data-id=\"a849d90\" data-element_type=\"container\">\n\t\t\t\t<div class=\"elementor-element elementor-element-bfe23af elementor-widget elementor-widget-image\" data-id=\"bfe23af\" data-element_type=\"widget\" data-widget_type=\"image.default\">\n\t\t\t\t<div class=\"elementor-widget-container\">\n\t\t\t\t\t\t\t\t\t\t\t\t\t<img loading=\"lazy\" decoding=\"async\" width=\"150\" height=\"150\" src=\"https:\/\/santamarcelina.org\/UTPV_V3\/wp-content\/uploads\/2024\/11\/Prancheta-54.png\" class=\"attachment-thumbnail size-thumbnail wp-image-276\" alt=\"\" \/>\t\t\t\t\t\t\t\t\t\t\t\t\t<\/div>\n\t\t\t\t<\/div>\n\t\t\t\t<\/div>\n\t\t<div class=\"elementor-element elementor-element-dfbacb2 e-con-full e-flex e-con e-child\" data-id=\"dfbacb2\" data-element_type=\"container\">\n\t\t\t\t<div class=\"elementor-element elementor-element-1df44e1 elementor-widget elementor-widget-text-editor\" data-id=\"1df44e1\" data-element_type=\"widget\" data-widget_type=\"text-editor.default\">\n\t\t\t\t<div class=\"elementor-widget-container\">\n\t\t\t\t\t\t\t<p>Capta\u00e7\u00e3o e direcionamento de \u200brecursos para adequa\u00e7\u00e3o e melhoria \u200bdas instala\u00e7\u00f5es hospitalares.<\/p>\t\t\t\t\t\t<\/div>\n\t\t\t\t<\/div>\n\t\t\t\t<\/div>\n\t\t\t\t\t<\/div>\n\t\t\t\t<\/div>\n\t\t<div class=\"elementor-element elementor-element-9639371 e-flex e-con-boxed e-con e-parent\" data-id=\"9639371\" data-element_type=\"container\">\n\t\t\t\t\t<div class=\"e-con-inner\">\n\t\t<div class=\"elementor-element elementor-element-6fdf9ee e-con-full e-flex e-con e-child\" data-id=\"6fdf9ee\" data-element_type=\"container\">\n\t\t\t\t<div class=\"elementor-element elementor-element-dd72ced elementor-widget elementor-widget-text-editor\" data-id=\"dd72ced\" data-element_type=\"widget\" data-widget_type=\"text-editor.default\">\n\t\t\t\t<div class=\"elementor-widget-container\">\n\t\t\t\t\t\t\t<p>Explora\u00e7\u00e3o de parcerias para \u200bmoderniza\u00e7\u00e3o de equipamentos \u200be instala\u00e7\u00f5es de sa\u00fade.<\/p>\t\t\t\t\t\t<\/div>\n\t\t\t\t<\/div>\n\t\t\t\t<\/div>\n\t\t<div class=\"elementor-element elementor-element-07640bf e-con-full e-flex e-con e-child\" data-id=\"07640bf\" data-element_type=\"container\">\n\t\t\t\t<div class=\"elementor-element elementor-element-2e0b658 elementor-widget elementor-widget-image\" data-id=\"2e0b658\" data-element_type=\"widget\" data-widget_type=\"image.default\">\n\t\t\t\t<div class=\"elementor-widget-container\">\n\t\t\t\t\t\t\t\t\t\t\t\t\t<img loading=\"lazy\" decoding=\"async\" width=\"150\" height=\"150\" src=\"https:\/\/santamarcelina.org\/UTPV_V3\/wp-content\/uploads\/2024\/11\/Prancheta-58.png\" class=\"attachment-thumbnail size-thumbnail wp-image-280\" alt=\"\" \/>\t\t\t\t\t\t\t\t\t\t\t\t\t<\/div>\n\t\t\t\t<\/div>\n\t\t\t\t<\/div>\n\t\t<div class=\"elementor-element elementor-element-3cc3cca e-con-full e-flex e-con e-child\" data-id=\"3cc3cca\" data-element_type=\"container\">\n\t\t\t\t<div class=\"elementor-element elementor-element-51837f2 elementor-widget elementor-widget-image\" data-id=\"51837f2\" data-element_type=\"widget\" data-widget_type=\"image.default\">\n\t\t\t\t<div class=\"elementor-widget-container\">\n\t\t\t\t\t\t\t\t\t\t\t\t\t<img loading=\"lazy\" decoding=\"async\" width=\"150\" height=\"150\" src=\"https:\/\/santamarcelina.org\/UTPV_V3\/wp-content\/uploads\/2024\/11\/Prancheta-56.png\" class=\"attachment-thumbnail size-thumbnail wp-image-278\" alt=\"\" \/>\t\t\t\t\t\t\t\t\t\t\t\t\t<\/div>\n\t\t\t\t<\/div>\n\t\t\t\t<\/div>\n\t\t<div class=\"elementor-element elementor-element-1448b25 e-con-full e-flex e-con e-child\" data-id=\"1448b25\" data-element_type=\"container\">\n\t\t\t\t<div class=\"elementor-element elementor-element-38d196a elementor-widget elementor-widget-text-editor\" data-id=\"38d196a\" data-element_type=\"widget\" data-widget_type=\"text-editor.default\">\n\t\t\t\t<div class=\"elementor-widget-container\">\n\t\t\t\t\t\t\t<p>Ado\u00e7\u00e3o de sistemas de \u200binforma\u00e7\u00e3o integrados para \u200bmelhorar a efici\u00eancia dos servi\u00e7os.<\/p>\t\t\t\t\t\t<\/div>\n\t\t\t\t<\/div>\n\t\t\t\t<\/div>\n\t\t\t\t\t<\/div>\n\t\t\t\t<\/div>\n\t\t<div class=\"elementor-element elementor-element-a4b20fd e-flex e-con-boxed e-con e-parent\" data-id=\"a4b20fd\" data-element_type=\"container\">\n\t\t\t\t\t<div class=\"e-con-inner\">\n\t\t\t\t<div class=\"elementor-element elementor-element-5b79730 elementor-widget elementor-widget-heading\" data-id=\"5b79730\" data-element_type=\"widget\" data-widget_type=\"heading.default\">\n\t\t\t\t<div class=\"elementor-widget-container\">\n\t\t\t<h3 class=\"elementor-heading-title elementor-size-default\">Onde h\u00e1 desejo, h\u00e1 mudan\u00e7a! Junte-se a n\u00f3s nesse movimento!<\/h3>\t\t<\/div>\n\t\t\t\t<\/div>\n\t\t\t\t<div class=\"elementor-element elementor-element-77b615f elementor-widget elementor-widget-button\" data-id=\"77b615f\" data-element_type=\"widget\" data-widget_type=\"button.default\">\n\t\t\t\t<div class=\"elementor-widget-container\">\n\t\t\t\t\t\t\t<div class=\"elementor-button-wrapper\">\n\t\t\t\t\t<a class=\"elementor-button elementor-button-link elementor-size-sm\" href=\"https:\/\/santamarcelina.org\/UTPV_V3\/#campanhasgeral\">\n\t\t\t\t\t\t<span class=\"elementor-button-content-wrapper\">\n\t\t\t\t\t\t\t\t\t<span class=\"elementor-button-text\">CONHE\u00c7A NOSSAS CAMPANHAS <\/span>\n\t\t\t\t\t<\/span>\n\t\t\t\t\t<\/a>\n\t\t\t\t<\/div>\n\t\t\t\t\t\t<\/div>\n\t\t\t\t<\/div>\n\t\t\t\t\t<\/div>\n\t\t\t\t<\/div>\n\t\t\t\t<\/div>\n\t\t","protected":false},"excerpt":{"rendered":"<p>Sobre o programa \u201cUm Time Pela Vida\u201d \u00e9 uma resposta direta \u00e0s lacunas e desafios enfrentados pelo nosso sistema de sa\u00fade. Em meio \u00e0s limita\u00e7\u00f5es or\u00e7ament\u00e1rias e estruturais, e a crescente demanda por servi\u00e7os m\u00e9dicos, o programa atua como um catalisador para mudan\u00e7as positivas, alavancando recursos, para mobilizar a sociedade e promover parcerias estrat\u00e9gicas para [&hellip;]<\/p>\n","protected":false},"author":1,"featured_media":0,"parent":0,"menu_order":0,"comment_status":"closed","ping_status":"closed","template":"","meta":{"site-sidebar-layout":"no-sidebar","site-content-layout":"","ast-site-content-layout":"full-width-container","site-content-style":"default","site-sidebar-style":"default","ast-global-header-display":"","ast-banner-title-visibility":"","ast-main-header-display":"","ast-hfb-above-header-display":"","ast-hfb-below-header-display":"","ast-hfb-mobile-header-display":"","site-post-title":"disabled","ast-breadcrumbs-content":"","ast-featured-img":"disabled","footer-sml-layout":"","theme-transparent-header-meta":"","adv-header-id-meta":"","stick-header-meta":"","header-above-stick-meta":"","header-main-stick-meta":"","header-below-stick-meta":"","astra-migrate-meta-layouts":"default","ast-page-background-enabled":"default","ast-page-background-meta":{"desktop":{"background-color":"var(--ast-global-color-4)","background-image":"","background-repeat":"repeat","background-position":"center center","background-size":"auto","background-attachment":"scroll","background-type":"","background-media":"","overlay-type":"","overlay-color":"","overlay-opacity":"","overlay-gradient":""},"tablet":{"background-color":"","background-image":"","background-repeat":"repeat","background-position":"center center","background-size":"auto","background-attachment":"scroll","background-type":"","background-media":"","overlay-type":"","overlay-color":"","overlay-opacity":"","overlay-gradient":""},"mobile":{"background-color":"","background-image":"","background-repeat":"repeat","background-position":"center center","background-size":"auto","background-attachment":"scroll","background-type":"","background-media":"","overlay-type":"","overlay-color":"","overlay-opacity":"","overlay-gradient":""}},"ast-content-background-meta":{"desktop":{"background-color":"var(--ast-global-color-5)","background-image":"","background-repeat":"repeat","background-position":"center center","background-size":"auto","background-attachment":"scroll","background-type":"","background-media":"","overlay-type":"","overlay-color":"","overlay-opacity":"","overlay-gradient":""},"tablet":{"background-color":"var(--ast-global-color-5)","background-image":"","background-repeat":"repeat","background-position":"center center","background-size":"auto","background-attachment":"scroll","background-type":"","background-media":"","overlay-type":"","overlay-color":"","overlay-opacity":"","overlay-gradient":""},"mobile":{"background-color":"var(--ast-global-color-5)","background-image":"","background-repeat":"repeat","background-position":"center center","background-size":"auto","background-attachment":"scroll","background-type":"","background-media":"","overlay-type":"","overlay-color":"","overlay-opacity":"","overlay-gradient":""}},"footnotes":""},"class_list":["post-33","page","type-page","status-publish","hentry"],"_links":{"self":[{"href":"https:\/\/santamarcelina.org\/UTPV_V3\/wp-json\/wp\/v2\/pages\/33","targetHints":{"allow":["GET"]}}],"collection":[{"href":"https:\/\/santamarcelina.org\/UTPV_V3\/wp-json\/wp\/v2\/pages"}],"about":[{"href":"https:\/\/santamarcelina.org\/UTPV_V3\/wp-json\/wp\/v2\/types\/page"}],"author":[{"embeddable":true,"href":"https:\/\/santamarcelina.org\/UTPV_V3\/wp-json\/wp\/v2\/users\/1"}],"replies":[{"embeddable":true,"href":"https:\/\/santamarcelina.org\/UTPV_V3\/wp-json\/wp\/v2\/comments?post=33"}],"version-history":[{"count":58,"href":"https:\/\/santamarcelina.org\/UTPV_V3\/wp-json\/wp\/v2\/pages\/33\/revisions"}],"predecessor-version":[{"id":651,"href":"https:\/\/santamarcelina.org\/UTPV_V3\/wp-json\/wp\/v2\/pages\/33\/revisions\/651"}],"wp:attachment":[{"href":"https:\/\/santamarcelina.org\/UTPV_V3\/wp-json\/wp\/v2\/media?parent=33"}],"curies":[{"name":"wp","href":"https:\/\/api.w.org\/{rel}","templated":true}]}}