{"id":27,"date":"2024-11-25T15:48:45","date_gmt":"2024-11-25T18:48:45","guid":{"rendered":"https:\/\/santamarcelina.org\/UTPV_V3\/?page_id=27"},"modified":"2024-11-26T10:46:07","modified_gmt":"2024-11-26T13:46:07","slug":"maos-que-constroem","status":"publish","type":"page","link":"https:\/\/santamarcelina.org\/UTPV_V3\/maos-que-constroem\/","title":{"rendered":"M\u00e3os que Constroem"},"content":{"rendered":"\t\t<div data-elementor-type=\"wp-page\" data-elementor-id=\"27\" class=\"elementor elementor-27\">\n\t\t\t\t<div class=\"elementor-element elementor-element-0d4dacb e-con-full e-flex e-con e-parent\" data-id=\"0d4dacb\" data-element_type=\"container\" data-settings=\"{&quot;background_background&quot;:&quot;classic&quot;}\">\n\t\t\t\t<\/div>\n\t\t<div class=\"elementor-element elementor-element-fc3de06 e-flex e-con-boxed e-con e-parent\" data-id=\"fc3de06\" data-element_type=\"container\">\n\t\t\t\t\t<div class=\"e-con-inner\">\n\t\t\t\t<div class=\"elementor-element elementor-element-f2fb519 elementor-widget elementor-widget-heading\" data-id=\"f2fb519\" data-element_type=\"widget\" data-widget_type=\"heading.default\">\n\t\t\t\t<div class=\"elementor-widget-container\">\n\t\t\t<h3 class=\"elementor-heading-title elementor-size-default\">M\u00e3os que Constroem<\/h3>\t\t<\/div>\n\t\t\t\t<\/div>\n\t\t\t\t<div class=\"elementor-element elementor-element-9db9712 elementor-widget elementor-widget-text-editor\" data-id=\"9db9712\" data-element_type=\"widget\" data-widget_type=\"text-editor.default\">\n\t\t\t\t<div class=\"elementor-widget-container\">\n\t\t\t\t\t\t\t<p>Nossas instala\u00e7\u00f5es f\u00edsicas com mais de 60 anos, necessitam constantemente de adequa\u00e7\u00f5es, manuten\u00e7\u00f5es prediais e reformas. A campanha visa receber apoio com doa\u00e7\u00f5es de materiais de constru\u00e7\u00e3o, ou at\u00e9 financiando uma constru\u00e7\u00e3o e reforma completa.<\/p>\t\t\t\t\t\t<\/div>\n\t\t\t\t<\/div>\n\t\t\t\t<div class=\"elementor-element elementor-element-bed319a elementor-widget elementor-widget-video\" data-id=\"bed319a\" data-element_type=\"widget\" data-settings=\"{&quot;youtube_url&quot;:&quot;https:\\\/\\\/www.youtube.com\\\/watch?v=34XJ7KFvURo&quot;,&quot;video_type&quot;:&quot;youtube&quot;,&quot;controls&quot;:&quot;yes&quot;}\" data-widget_type=\"video.default\">\n\t\t\t\t<div class=\"elementor-widget-container\">\n\t\t\t\t\t<div class=\"elementor-wrapper elementor-open-inline\">\n\t\t\t<div class=\"elementor-video\"><\/div>\t\t<\/div>\n\t\t\t\t<\/div>\n\t\t\t\t<\/div>\n\t\t\t\t\t<\/div>\n\t\t\t\t<\/div>\n\t\t<div class=\"elementor-element elementor-element-a8de359 e-flex e-con-boxed e-con e-parent\" data-id=\"a8de359\" data-element_type=\"container\" data-settings=\"{&quot;background_background&quot;:&quot;classic&quot;}\">\n\t\t\t\t\t<div class=\"e-con-inner\">\n\t\t\t\t<div class=\"elementor-element elementor-element-f117b39 elementor-widget elementor-widget-heading\" data-id=\"f117b39\" data-element_type=\"widget\" data-widget_type=\"heading.default\">\n\t\t\t\t<div class=\"elementor-widget-container\">\n\t\t\t<h3 class=\"elementor-heading-title elementor-size-default\">M\u00e3os que Constroem<\/h3>\t\t<\/div>\n\t\t\t\t<\/div>\n\t\t\t\t<div class=\"elementor-element elementor-element-8c7d268 elementor-widget elementor-widget-text-editor\" data-id=\"8c7d268\" data-element_type=\"widget\" data-widget_type=\"text-editor.default\">\n\t\t\t\t<div class=\"elementor-widget-container\">\n\t\t\t\t\t\t\tCom sua contribui\u00e7\u00e3o, podemos manter nossas instala\u00e7\u00f5es em condi\u00e7\u00f5es perfeitas e oferecer um ambiente mais confort\u00e1vel e acolhedor para todos.\t\t\t\t\t\t<\/div>\n\t\t\t\t<\/div>\n\t\t\t\t\t<\/div>\n\t\t\t\t<\/div>\n\t\t<div class=\"elementor-element elementor-element-c67d169 e-flex e-con-boxed e-con e-parent\" data-id=\"c67d169\" data-element_type=\"container\" data-settings=\"{&quot;background_background&quot;:&quot;classic&quot;}\">\n\t\t\t\t\t<div class=\"e-con-inner\">\n\t\t<div class=\"elementor-element elementor-element-75419be e-con-full e-flex e-con e-child\" data-id=\"75419be\" data-element_type=\"container\">\n\t\t\t\t<div class=\"elementor-element elementor-element-dce3267 elementor-widget elementor-widget-html\" data-id=\"dce3267\" data-element_type=\"widget\" data-widget_type=\"html.default\">\n\t\t\t\t<div class=\"elementor-widget-container\">\n\t\t\t\r\n<style>\r\n    \/* Progresso circular *\/\r\n    .progress-circle {\r\n      position: relative;\r\n      width: 150px;\r\n      height: 150px;\r\n      border-radius: 50%;\r\n      background: conic-gradient(#1C548A calc(var(--progress) * 1%), #e0e0e0 0%);\r\n      display: flex;\r\n      justify-content: center;\r\n      align-items: center;\r\n    }\r\n\r\n    \/* C\u00edrculo interno vazio *\/\r\n    .progress-circle::before {\r\n      content: '';\r\n      position: absolute;\r\n      width: 100px;\r\n      height: 100px;\r\n      background-color: #f4f4f4; \/* Cor de fundo do meio vazio *\/\r\n      border-radius: 50%;\r\n    }\r\n\r\n    \/* Texto de porcentagem *\/\r\n    .progress-circle::after {\r\n      content: attr(data-progress) '%';\r\n      position: absolute;\r\n      font-size: 1.2rem;\r\n      font-weight: bold;\r\n      color: #1C548A;\r\n    }\r\n  <\/style>\r\n\r\n  <!-- Barra de progresso circular -->\r\n  <div class=\"progress-circle\" style=\"--progress: 100;\" data-progress=\"100\"><\/div>\r\n\r\n\t\t<\/div>\n\t\t\t\t<\/div>\n\t\t\t\t<\/div>\n\t\t<div class=\"elementor-element elementor-element-5df587d e-con-full e-flex e-con e-child\" data-id=\"5df587d\" data-element_type=\"container\">\n\t\t\t\t<div class=\"elementor-element elementor-element-e23fc4c elementor-widget elementor-widget-text-editor\" data-id=\"e23fc4c\" data-element_type=\"widget\" data-widget_type=\"text-editor.default\">\n\t\t\t\t<div class=\"elementor-widget-container\">\n\t\t\t\t\t\t\tReforma da Oncologia &#8211; SubSolo<br>\nFinanciado por Funda\u00e7\u00e3o Valter Arantes\t\t\t\t\t\t<\/div>\n\t\t\t\t<\/div>\n\t\t\t\t<\/div>\n\t\t\t\t\t<\/div>\n\t\t\t\t<\/div>\n\t\t<div class=\"elementor-element elementor-element-fb5dff5 e-flex e-con-boxed e-con e-parent\" data-id=\"fb5dff5\" data-element_type=\"container\" data-settings=\"{&quot;background_background&quot;:&quot;classic&quot;}\">\n\t\t\t\t\t<div class=\"e-con-inner\">\n\t\t<div class=\"elementor-element elementor-element-43f59fa e-con-full e-flex e-con e-child\" data-id=\"43f59fa\" data-element_type=\"container\">\n\t\t\t\t<div class=\"elementor-element elementor-element-6d43b5a elementor-widget elementor-widget-html\" data-id=\"6d43b5a\" data-element_type=\"widget\" data-widget_type=\"html.default\">\n\t\t\t\t<div class=\"elementor-widget-container\">\n\t\t\t\r\n<style>\r\n    \/* Progresso circular *\/\r\n    .progress-circle {\r\n      position: relative;\r\n      width: 150px;\r\n      height: 150px;\r\n      border-radius: 50%;\r\n      background: conic-gradient(#1C548A calc(var(--progress) * 1%), #e0e0e0 0%);\r\n      display: flex;\r\n      justify-content: center;\r\n      align-items: center;\r\n    }\r\n\r\n    \/* C\u00edrculo interno vazio *\/\r\n    .progress-circle::before {\r\n      content: '';\r\n      position: absolute;\r\n      width: 100px;\r\n      height: 100px;\r\n      background-color: #f4f4f4; \/* Cor de fundo do meio vazio *\/\r\n      border-radius: 50%;\r\n    }\r\n\r\n    \/* Texto de porcentagem *\/\r\n    .progress-circle::after {\r\n      content: attr(data-progress) '%';\r\n      position: absolute;\r\n      font-size: 1.2rem;\r\n      font-weight: bold;\r\n      color: #1C548A;\r\n    }\r\n  <\/style>\r\n\r\n  <!-- Barra de progresso circular -->\r\n  <div class=\"progress-circle\" style=\"--progress: 100;\" data-progress=\"100\"><\/div>\r\n\r\n\t\t<\/div>\n\t\t\t\t<\/div>\n\t\t\t\t<\/div>\n\t\t<div class=\"elementor-element elementor-element-b7f7773 e-con-full e-flex e-con e-child\" data-id=\"b7f7773\" data-element_type=\"container\">\n\t\t\t\t<div class=\"elementor-element elementor-element-3df4311 elementor-widget elementor-widget-text-editor\" data-id=\"3df4311\" data-element_type=\"widget\" data-widget_type=\"text-editor.default\">\n\t\t\t\t<div class=\"elementor-widget-container\">\n\t\t\t\t\t\t\tReforma Interna\u00e7\u00e3o Cir\u00fargica &#8211; 4\u00ba Andar<br>Financiado por Funda\u00e7\u00e3o Salvador Arena\t\t\t\t\t\t<\/div>\n\t\t\t\t<\/div>\n\t\t\t\t<\/div>\n\t\t\t\t\t<\/div>\n\t\t\t\t<\/div>\n\t\t<div class=\"elementor-element elementor-element-9e9ff74 e-flex e-con-boxed e-con e-parent\" data-id=\"9e9ff74\" data-element_type=\"container\" data-settings=\"{&quot;background_background&quot;:&quot;classic&quot;}\">\n\t\t\t\t\t<div class=\"e-con-inner\">\n\t\t<div class=\"elementor-element elementor-element-6d30ca2 e-con-full e-flex e-con e-child\" data-id=\"6d30ca2\" data-element_type=\"container\">\n\t\t\t\t<div class=\"elementor-element elementor-element-527f3b4 elementor-widget elementor-widget-html\" data-id=\"527f3b4\" data-element_type=\"widget\" data-widget_type=\"html.default\">\n\t\t\t\t<div class=\"elementor-widget-container\">\n\t\t\t\r\n<style>\r\n    \/* Progresso circular *\/\r\n    .progress-circle {\r\n      position: relative;\r\n      width: 150px;\r\n      height: 150px;\r\n      border-radius: 50%;\r\n      background: conic-gradient(#1C548A calc(var(--progress) * 1%), #e0e0e0 0%);\r\n      display: flex;\r\n      justify-content: center;\r\n      align-items: center;\r\n    }\r\n\r\n    \/* C\u00edrculo interno vazio *\/\r\n    .progress-circle::before {\r\n      content: '';\r\n      position: absolute;\r\n      width: 100px;\r\n      height: 100px;\r\n      background-color: #f4f4f4; \/* Cor de fundo do meio vazio *\/\r\n      border-radius: 50%;\r\n    }\r\n\r\n    \/* Texto de porcentagem *\/\r\n    .progress-circle::after {\r\n      content: attr(data-progress) '%';\r\n      position: absolute;\r\n      font-size: 1.2rem;\r\n      font-weight: bold;\r\n      color: #1C548A;\r\n    }\r\n  <\/style>\r\n\r\n  <!-- Barra de progresso circular -->\r\n  <div class=\"progress-circle\" style=\"--progress: 0;\" data-progress=\"0\"><\/div>\r\n\r\n\t\t<\/div>\n\t\t\t\t<\/div>\n\t\t\t\t<\/div>\n\t\t<div class=\"elementor-element elementor-element-3a5a280 e-con-full e-flex e-con e-child\" data-id=\"3a5a280\" data-element_type=\"container\">\n\t\t\t\t<div class=\"elementor-element elementor-element-41e8b5a elementor-widget elementor-widget-text-editor\" data-id=\"41e8b5a\" data-element_type=\"widget\" data-widget_type=\"text-editor.default\">\n\t\t\t\t<div class=\"elementor-widget-container\">\n\t\t\t\t\t\t\tReforma de Leitos Interna\u00e7\u00e3o &#8211; 3\u00ba Andar<br>Projeto Pronto &#8211; Aguardando Financiamento\t\t\t\t\t\t<\/div>\n\t\t\t\t<\/div>\n\t\t\t\t<\/div>\n\t\t\t\t\t<\/div>\n\t\t\t\t<\/div>\n\t\t<div class=\"elementor-element elementor-element-50470df e-flex e-con-boxed e-con e-parent\" data-id=\"50470df\" data-element_type=\"container\">\n\t\t\t\t\t<div class=\"e-con-inner\">\n\t\t\t\t<div class=\"elementor-element elementor-element-441c7b7 elementor-widget elementor-widget-heading\" data-id=\"441c7b7\" data-element_type=\"widget\" data-widget_type=\"heading.default\">\n\t\t\t\t<div class=\"elementor-widget-container\">\n\t\t\t<h3 class=\"elementor-heading-title elementor-size-default\">Entre em contato e seja um parceiro desta campanha:<\/h3>\t\t<\/div>\n\t\t\t\t<\/div>\n\t\t\t\t<div class=\"elementor-element elementor-element-84b1916 elementor-widget elementor-widget-shortcode\" data-id=\"84b1916\" data-element_type=\"widget\" data-widget_type=\"shortcode.default\">\n\t\t\t\t<div class=\"elementor-widget-container\">\n\t\t\t\t\t<div class=\"elementor-shortcode\"><div class=\"wpforms-container wpforms-container-full\" id=\"wpforms-538\"><form id=\"wpforms-form-538\" class=\"wpforms-validate wpforms-form wpforms-ajax-form\" data-formid=\"538\" method=\"post\" enctype=\"multipart\/form-data\" action=\"\/UTPV_V3\/wp-json\/wp\/v2\/pages\/27\"><noscript class=\"wpforms-error-noscript\">Ative o JavaScript no seu navegador para preencher este formul\u00e1rio.<\/noscript><div class=\"wpforms-field-container\"><div id=\"wpforms-538-field_1-container\" class=\"wpforms-field wpforms-field-name\" data-field-id=\"1\"><label class=\"wpforms-field-label\" for=\"wpforms-538-field_1\">Nome <span class=\"wpforms-required-label\">*<\/span><\/label><input type=\"text\" id=\"wpforms-538-field_1\" class=\"wpforms-field-medium wpforms-field-required\" name=\"wpforms[fields][1]\" required><\/div><div id=\"wpforms-538-field_2-container\" class=\"wpforms-field wpforms-field-number\" data-field-id=\"2\"><label class=\"wpforms-field-label\" for=\"wpforms-538-field_2\">Celular<\/label><input type=\"number\" pattern=\"\\d*\" id=\"wpforms-538-field_2\" class=\"wpforms-field-medium\" name=\"wpforms[fields][2]\" ><\/div><div id=\"wpforms-538-field_3-container\" class=\"wpforms-field wpforms-field-email\" data-field-id=\"3\"><label class=\"wpforms-field-label\" for=\"wpforms-538-field_3\">Email <span class=\"wpforms-required-label\">*<\/span><\/label><input type=\"email\" id=\"wpforms-538-field_3\" class=\"wpforms-field-medium wpforms-field-required\" name=\"wpforms[fields][3]\" value=\"\" required><\/div><\/div><div class=\"wpforms-submit-container\" ><input type=\"hidden\" name=\"wpforms[id]\" value=\"538\"><input type=\"hidden\" name=\"wpforms[author]\" value=\"1\"><button type=\"submit\" name=\"wpforms[submit]\" class=\"wpforms-submit \" id=\"wpforms-submit-538\" value=\"wpforms-submit\" aria-live=\"assertive\" data-alt-text=\"Enviando...\" data-submit-text=\"Enviar\">Enviar<\/button><img decoding=\"async\" src=\"https:\/\/santamarcelina.org\/UTPV_V3\/wp-content\/plugins\/wpforms\/assets\/images\/submit-spin.svg\" class=\"wpforms-submit-spinner\" style=\"display: none;\" width=\"26\" height=\"26\" alt=\"\"><\/div><\/form><\/div>  <!-- .wpforms-container --><\/div>\n\t\t\t\t<\/div>\n\t\t\t\t<\/div>\n\t\t\t\t\t<\/div>\n\t\t\t\t<\/div>\n\t\t\t\t<\/div>\n\t\t","protected":false},"excerpt":{"rendered":"<p>M\u00e3os que Constroem Nossas instala\u00e7\u00f5es f\u00edsicas com mais de 60 anos, necessitam constantemente de adequa\u00e7\u00f5es, manuten\u00e7\u00f5es prediais e reformas. A campanha visa receber apoio com doa\u00e7\u00f5es de materiais de constru\u00e7\u00e3o, ou at\u00e9 financiando uma constru\u00e7\u00e3o e reforma completa. https:\/\/www.youtube.com\/watch?v=34XJ7KFvURo M\u00e3os que Constroem Com sua contribui\u00e7\u00e3o, podemos manter nossas instala\u00e7\u00f5es em condi\u00e7\u00f5es perfeitas e oferecer um [&hellip;]<\/p>\n","protected":false},"author":1,"featured_media":0,"parent":0,"menu_order":0,"comment_status":"closed","ping_status":"closed","template":"","meta":{"site-sidebar-layout":"no-sidebar","site-content-layout":"","ast-site-content-layout":"full-width-container","site-content-style":"default","site-sidebar-style":"default","ast-global-header-display":"","ast-banner-title-visibility":"","ast-main-header-display":"","ast-hfb-above-header-display":"","ast-hfb-below-header-display":"","ast-hfb-mobile-header-display":"","site-post-title":"disabled","ast-breadcrumbs-content":"","ast-featured-img":"disabled","footer-sml-layout":"","theme-transparent-header-meta":"","adv-header-id-meta":"","stick-header-meta":"","header-above-stick-meta":"","header-main-stick-meta":"","header-below-stick-meta":"","astra-migrate-meta-layouts":"default","ast-page-background-enabled":"default","ast-page-background-meta":{"desktop":{"background-color":"var(--ast-global-color-4)","background-image":"","background-repeat":"repeat","background-position":"center center","background-size":"auto","background-attachment":"scroll","background-type":"","background-media":"","overlay-type":"","overlay-color":"","overlay-opacity":"","overlay-gradient":""},"tablet":{"background-color":"","background-image":"","background-repeat":"repeat","background-position":"center center","background-size":"auto","background-attachment":"scroll","background-type":"","background-media":"","overlay-type":"","overlay-color":"","overlay-opacity":"","overlay-gradient":""},"mobile":{"background-color":"","background-image":"","background-repeat":"repeat","background-position":"center center","background-size":"auto","background-attachment":"scroll","background-type":"","background-media":"","overlay-type":"","overlay-color":"","overlay-opacity":"","overlay-gradient":""}},"ast-content-background-meta":{"desktop":{"background-color":"var(--ast-global-color-5)","background-image":"","background-repeat":"repeat","background-position":"center center","background-size":"auto","background-attachment":"scroll","background-type":"","background-media":"","overlay-type":"","overlay-color":"","overlay-opacity":"","overlay-gradient":""},"tablet":{"background-color":"var(--ast-global-color-5)","background-image":"","background-repeat":"repeat","background-position":"center center","background-size":"auto","background-attachment":"scroll","background-type":"","background-media":"","overlay-type":"","overlay-color":"","overlay-opacity":"","overlay-gradient":""},"mobile":{"background-color":"var(--ast-global-color-5)","background-image":"","background-repeat":"repeat","background-position":"center center","background-size":"auto","background-attachment":"scroll","background-type":"","background-media":"","overlay-type":"","overlay-color":"","overlay-opacity":"","overlay-gradient":""}},"footnotes":""},"class_list":["post-27","page","type-page","status-publish","hentry"],"_links":{"self":[{"href":"https:\/\/santamarcelina.org\/UTPV_V3\/wp-json\/wp\/v2\/pages\/27","targetHints":{"allow":["GET"]}}],"collection":[{"href":"https:\/\/santamarcelina.org\/UTPV_V3\/wp-json\/wp\/v2\/pages"}],"about":[{"href":"https:\/\/santamarcelina.org\/UTPV_V3\/wp-json\/wp\/v2\/types\/page"}],"author":[{"embeddable":true,"href":"https:\/\/santamarcelina.org\/UTPV_V3\/wp-json\/wp\/v2\/users\/1"}],"replies":[{"embeddable":true,"href":"https:\/\/santamarcelina.org\/UTPV_V3\/wp-json\/wp\/v2\/comments?post=27"}],"version-history":[{"count":31,"href":"https:\/\/santamarcelina.org\/UTPV_V3\/wp-json\/wp\/v2\/pages\/27\/revisions"}],"predecessor-version":[{"id":605,"href":"https:\/\/santamarcelina.org\/UTPV_V3\/wp-json\/wp\/v2\/pages\/27\/revisions\/605"}],"wp:attachment":[{"href":"https:\/\/santamarcelina.org\/UTPV_V3\/wp-json\/wp\/v2\/media?parent=27"}],"curies":[{"name":"wp","href":"https:\/\/api.w.org\/{rel}","templated":true}]}}