{"id":25,"date":"2024-11-25T15:48:26","date_gmt":"2024-11-25T18:48:26","guid":{"rendered":"https:\/\/santamarcelina.org\/UTPV_V3\/?page_id=25"},"modified":"2024-11-28T08:15:06","modified_gmt":"2024-11-28T11:15:06","slug":"nota-fiscal-paulista","status":"publish","type":"page","link":"https:\/\/santamarcelina.org\/UTPV_V3\/nota-fiscal-paulista\/","title":{"rendered":"Nota Fiscal Paulista"},"content":{"rendered":"\t\t<div data-elementor-type=\"wp-page\" data-elementor-id=\"25\" class=\"elementor elementor-25\">\n\t\t\t\t<div class=\"elementor-element elementor-element-0febb9b e-con-full e-flex e-con e-parent\" data-id=\"0febb9b\" data-element_type=\"container\" data-settings=\"{&quot;background_background&quot;:&quot;classic&quot;}\">\n\t\t\t\t<\/div>\n\t\t<div class=\"elementor-element elementor-element-db35d8d e-flex e-con-boxed e-con e-parent\" data-id=\"db35d8d\" data-element_type=\"container\">\n\t\t\t\t\t<div class=\"e-con-inner\">\n\t\t\t\t<div class=\"elementor-element elementor-element-0501fd4 elementor-widget elementor-widget-heading\" data-id=\"0501fd4\" data-element_type=\"widget\" data-widget_type=\"heading.default\">\n\t\t\t\t<div class=\"elementor-widget-container\">\n\t\t\t<h3 class=\"elementor-heading-title elementor-size-default\">Suas compras podem se transformar em ato de amor!<\/h3>\t\t<\/div>\n\t\t\t\t<\/div>\n\t\t\t\t<div class=\"elementor-element elementor-element-63bc6f5 elementor-widget elementor-widget-text-editor\" data-id=\"63bc6f5\" data-element_type=\"widget\" data-widget_type=\"text-editor.default\">\n\t\t\t\t<div class=\"elementor-widget-container\">\n\t\t\t\t\t\t\tVoc\u00ea pode ajudar o Hospital Santa Marcelina sem gastar nenhum centavo a mais por isso!\nDestinando seus cr\u00e9ditos para o Santa Marcelina, voc\u00ea est\u00e1 ajudando a suprir necessidades emergenciais, a transformar vidas e a proporcionar cuidados de excel\u00eancia a quem mais precisa.<br><br>\n\nCada recurso doado atrav\u00e9s do programa \u00e9 direcionado para suprir demandas emergenciais. Isso significa que seu gesto generoso tem um impacto imediato e direto na vida dos pacientes.\t\t\t\t\t\t<\/div>\n\t\t\t\t<\/div>\n\t\t\t\t<div class=\"elementor-element elementor-element-4f259b8 elementor-widget elementor-widget-heading\" data-id=\"4f259b8\" data-element_type=\"widget\" data-widget_type=\"heading.default\">\n\t\t\t\t<div class=\"elementor-widget-container\">\n\t\t\t<h3 class=\"elementor-heading-title elementor-size-default\">Confira o Passo a passo para doar\u200b<\/h3>\t\t<\/div>\n\t\t\t\t<\/div>\n\t\t\t\t<div class=\"elementor-element elementor-element-8481cbf elementor-widget elementor-widget-video\" data-id=\"8481cbf\" data-element_type=\"widget\" data-settings=\"{&quot;youtube_url&quot;:&quot;https:\\\/\\\/youtu.be\\\/asv4J0HLHMc?si=caqDmwgCfbyHBvk-&quot;,&quot;video_type&quot;:&quot;youtube&quot;,&quot;controls&quot;:&quot;yes&quot;}\" data-widget_type=\"video.default\">\n\t\t\t\t<div class=\"elementor-widget-container\">\n\t\t\t\t\t<div class=\"elementor-wrapper elementor-open-inline\">\n\t\t\t<div class=\"elementor-video\"><\/div>\t\t<\/div>\n\t\t\t\t<\/div>\n\t\t\t\t<\/div>\n\t\t\t\t<div class=\"elementor-element elementor-element-2700238 elementor-widget elementor-widget-text-editor\" data-id=\"2700238\" data-element_type=\"widget\" data-widget_type=\"text-editor.default\">\n\t\t\t\t<div class=\"elementor-widget-container\">\n\t\t\t\t\t\t\tAo colaborar, voc\u00ea tamb\u00e9m continua concorrendo aos sorteios da Nota Fiscal Paulista, com a chance de ganhar pr\u00eamios de 1 milh\u00e3o de reais. Cada cupom, independentemente do seu valor, pode render um cr\u00e9dito de mais de 350 reais para o nosso hospital. \u00c9\u00a0 a prova de que cada cupom faz a diferen\u00e7a.\t\t\t\t\t\t<\/div>\n\t\t\t\t<\/div>\n\t\t\t\t<div class=\"elementor-element elementor-element-57e31ab elementor-widget elementor-widget-heading\" data-id=\"57e31ab\" data-element_type=\"widget\" data-widget_type=\"heading.default\">\n\t\t\t\t<div class=\"elementor-widget-container\">\n\t\t\t<h4 class=\"elementor-heading-title elementor-size-default\">Ap\u00f3s ler o passo a passo, basta preencher seus dados abaixo e voc\u00ea ser\u00e1\nredirecionado(a) para a p\u00e1gina da Nota Fiscal Paulista e continuar\u00e1 seu\nprocesso por l\u00e1<\/h4>\t\t<\/div>\n\t\t\t\t<\/div>\n\t\t\t\t<div class=\"elementor-element elementor-element-eab8bd3 elementor-widget elementor-widget-shortcode\" data-id=\"eab8bd3\" data-element_type=\"widget\" data-widget_type=\"shortcode.default\">\n\t\t\t\t<div class=\"elementor-widget-container\">\n\t\t\t\t\t<div class=\"elementor-shortcode\"><div class=\"wpforms-container wpforms-container-full\" id=\"wpforms-542\"><form id=\"wpforms-form-542\" class=\"wpforms-validate wpforms-form wpforms-ajax-form\" data-formid=\"542\" method=\"post\" enctype=\"multipart\/form-data\" action=\"\/UTPV_V3\/wp-json\/wp\/v2\/pages\/25\"><noscript class=\"wpforms-error-noscript\">Ative o JavaScript no seu navegador para preencher este formul\u00e1rio.<\/noscript><div class=\"wpforms-field-container\"><div id=\"wpforms-542-field_1-container\" class=\"wpforms-field wpforms-field-name\" data-field-id=\"1\"><label class=\"wpforms-field-label\" for=\"wpforms-542-field_1\">Nome <span class=\"wpforms-required-label\">*<\/span><\/label><input type=\"text\" id=\"wpforms-542-field_1\" class=\"wpforms-field-medium wpforms-field-required\" name=\"wpforms[fields][1]\" required><\/div><div id=\"wpforms-542-field_2-container\" class=\"wpforms-field wpforms-field-email\" data-field-id=\"2\"><label class=\"wpforms-field-label\" for=\"wpforms-542-field_2\">Celular <span class=\"wpforms-required-label\">*<\/span><\/label><input type=\"email\" id=\"wpforms-542-field_2\" class=\"wpforms-field-medium wpforms-field-required\" name=\"wpforms[fields][2]\" value=\"\" required><\/div><div id=\"wpforms-542-field_4-container\" class=\"wpforms-field wpforms-field-email\" data-field-id=\"4\"><label class=\"wpforms-field-label\" for=\"wpforms-542-field_4\">E-mail <span class=\"wpforms-required-label\">*<\/span><\/label><input type=\"email\" id=\"wpforms-542-field_4\" class=\"wpforms-field-medium wpforms-field-required\" name=\"wpforms[fields][4]\" value=\"\" required><\/div><\/div><div class=\"wpforms-submit-container\" ><input type=\"hidden\" name=\"wpforms[id]\" value=\"542\"><input type=\"hidden\" name=\"wpforms[author]\" value=\"1\"><button type=\"submit\" name=\"wpforms[submit]\" class=\"wpforms-submit \" id=\"wpforms-submit-542\" value=\"wpforms-submit\" aria-live=\"assertive\" data-alt-text=\"Enviando...\" data-submit-text=\"Enviar\">Enviar<\/button><img decoding=\"async\" src=\"https:\/\/santamarcelina.org\/UTPV_V3\/wp-content\/plugins\/wpforms\/assets\/images\/submit-spin.svg\" class=\"wpforms-submit-spinner\" style=\"display: none;\" width=\"26\" height=\"26\" alt=\"\"><\/div><\/form><\/div>  <!-- .wpforms-container --><\/div>\n\t\t\t\t<\/div>\n\t\t\t\t<\/div>\n\t\t\t\t\t<\/div>\n\t\t\t\t<\/div>\n\t\t\t\t<\/div>\n\t\t","protected":false},"excerpt":{"rendered":"<p>Suas compras podem se transformar em ato de amor! Voc\u00ea pode ajudar o Hospital Santa Marcelina sem gastar nenhum centavo a mais por isso! Destinando seus cr\u00e9ditos para o Santa Marcelina, voc\u00ea est\u00e1 ajudando a suprir necessidades emergenciais, a transformar vidas e a proporcionar cuidados de excel\u00eancia a quem mais precisa. Cada recurso doado atrav\u00e9s [&hellip;]<\/p>\n","protected":false},"author":1,"featured_media":0,"parent":0,"menu_order":0,"comment_status":"closed","ping_status":"closed","template":"","meta":{"site-sidebar-layout":"no-sidebar","site-content-layout":"","ast-site-content-layout":"full-width-container","site-content-style":"default","site-sidebar-style":"default","ast-global-header-display":"","ast-banner-title-visibility":"","ast-main-header-display":"","ast-hfb-above-header-display":"","ast-hfb-below-header-display":"","ast-hfb-mobile-header-display":"","site-post-title":"disabled","ast-breadcrumbs-content":"","ast-featured-img":"disabled","footer-sml-layout":"","theme-transparent-header-meta":"","adv-header-id-meta":"","stick-header-meta":"","header-above-stick-meta":"","header-main-stick-meta":"","header-below-stick-meta":"","astra-migrate-meta-layouts":"default","ast-page-background-enabled":"default","ast-page-background-meta":{"desktop":{"background-color":"var(--ast-global-color-4)","background-image":"","background-repeat":"repeat","background-position":"center center","background-size":"auto","background-attachment":"scroll","background-type":"","background-media":"","overlay-type":"","overlay-color":"","overlay-opacity":"","overlay-gradient":""},"tablet":{"background-color":"","background-image":"","background-repeat":"repeat","background-position":"center center","background-size":"auto","background-attachment":"scroll","background-type":"","background-media":"","overlay-type":"","overlay-color":"","overlay-opacity":"","overlay-gradient":""},"mobile":{"background-color":"","background-image":"","background-repeat":"repeat","background-position":"center center","background-size":"auto","background-attachment":"scroll","background-type":"","background-media":"","overlay-type":"","overlay-color":"","overlay-opacity":"","overlay-gradient":""}},"ast-content-background-meta":{"desktop":{"background-color":"var(--ast-global-color-5)","background-image":"","background-repeat":"repeat","background-position":"center center","background-size":"auto","background-attachment":"scroll","background-type":"","background-media":"","overlay-type":"","overlay-color":"","overlay-opacity":"","overlay-gradient":""},"tablet":{"background-color":"var(--ast-global-color-5)","background-image":"","background-repeat":"repeat","background-position":"center center","background-size":"auto","background-attachment":"scroll","background-type":"","background-media":"","overlay-type":"","overlay-color":"","overlay-opacity":"","overlay-gradient":""},"mobile":{"background-color":"var(--ast-global-color-5)","background-image":"","background-repeat":"repeat","background-position":"center center","background-size":"auto","background-attachment":"scroll","background-type":"","background-media":"","overlay-type":"","overlay-color":"","overlay-opacity":"","overlay-gradient":""}},"footnotes":""},"class_list":["post-25","page","type-page","status-publish","hentry"],"_links":{"self":[{"href":"https:\/\/santamarcelina.org\/UTPV_V3\/wp-json\/wp\/v2\/pages\/25","targetHints":{"allow":["GET"]}}],"collection":[{"href":"https:\/\/santamarcelina.org\/UTPV_V3\/wp-json\/wp\/v2\/pages"}],"about":[{"href":"https:\/\/santamarcelina.org\/UTPV_V3\/wp-json\/wp\/v2\/types\/page"}],"author":[{"embeddable":true,"href":"https:\/\/santamarcelina.org\/UTPV_V3\/wp-json\/wp\/v2\/users\/1"}],"replies":[{"embeddable":true,"href":"https:\/\/santamarcelina.org\/UTPV_V3\/wp-json\/wp\/v2\/comments?post=25"}],"version-history":[{"count":22,"href":"https:\/\/santamarcelina.org\/UTPV_V3\/wp-json\/wp\/v2\/pages\/25\/revisions"}],"predecessor-version":[{"id":737,"href":"https:\/\/santamarcelina.org\/UTPV_V3\/wp-json\/wp\/v2\/pages\/25\/revisions\/737"}],"wp:attachment":[{"href":"https:\/\/santamarcelina.org\/UTPV_V3\/wp-json\/wp\/v2\/media?parent=25"}],"curies":[{"name":"wp","href":"https:\/\/api.w.org\/{rel}","templated":true}]}}